{"id":19599,"date":"2023-11-09T17:40:38","date_gmt":"2023-11-09T16:40:38","guid":{"rendered":"https:\/\/inprimepay.com\/?page_id=19599"},"modified":"2023-11-10T16:53:49","modified_gmt":"2023-11-10T15:53:49","slug":"terze-parti","status":"publish","type":"page","link":"https:\/\/inprimepay.com\/at\/terze-parti\/","title":{"rendered":"Servizi di terze parti"},"content":{"rendered":"<div data-elementor-type=\"wp-page\" data-elementor-id=\"19599\" class=\"elementor elementor-19599\" data-elementor-post-type=\"page\">\n\t\t\t\t\t\t<section class=\"elementor-section elementor-top-section elementor-element elementor-element-34c44ba elementor-section-boxed elementor-section-height-default elementor-section-height-default\" data-id=\"34c44ba\" data-element_type=\"section\" data-e-type=\"section\">\n\t\t\t\t\t\t<div class=\"elementor-container elementor-column-gap-default\">\n\t\t\t\t\t<div class=\"elementor-column elementor-col-100 elementor-top-column elementor-element elementor-element-6558cc5e\" data-id=\"6558cc5e\" data-element_type=\"column\" data-e-type=\"column\">\n\t\t\t<div class=\"elementor-widget-wrap elementor-element-populated\">\n\t\t\t\t\t\t<div class=\"elementor-element elementor-element-10d2a54 elementor-widget elementor-widget-spacer\" data-id=\"10d2a54\" data-element_type=\"widget\" data-e-type=\"widget\" data-widget_type=\"spacer.default\">\n\t\t\t\t<div class=\"elementor-widget-container\">\n\t\t\t\t\t\t\t<div class=\"elementor-spacer\">\n\t\t\t<div class=\"elementor-spacer-inner\"><\/div>\n\t\t<\/div>\n\t\t\t\t\t\t<\/div>\n\t\t\t\t<\/div>\n\t\t\t\t\t<\/div>\n\t\t<\/div>\n\t\t\t\t\t<\/div>\n\t\t<\/section>\n\t\t\t\t<section class=\"elementor-section elementor-top-section elementor-element elementor-element-6e66a16 elementor-section-boxed elementor-section-height-default elementor-section-height-default\" data-id=\"6e66a16\" data-element_type=\"section\" data-e-type=\"section\">\n\t\t\t\t\t\t<div class=\"elementor-container elementor-column-gap-default\">\n\t\t\t\t\t<div class=\"elementor-column elementor-col-100 elementor-top-column elementor-element elementor-element-7f1625c\" data-id=\"7f1625c\" data-element_type=\"column\" data-e-type=\"column\">\n\t\t\t<div class=\"elementor-widget-wrap elementor-element-populated\">\n\t\t\t\t\t\t<div class=\"elementor-element elementor-element-8787afe elementor-widget elementor-widget-heading\" data-id=\"8787afe\" data-element_type=\"widget\" data-e-type=\"widget\" data-widget_type=\"heading.default\">\n\t\t\t\t<div class=\"elementor-widget-container\">\n\t\t\t\t\t<h2 class=\"elementor-heading-title elementor-size-default\">Servizi di terze parti<\/h2>\t\t\t\t<\/div>\n\t\t\t\t<\/div>\n\t\t\t\t<div class=\"elementor-element elementor-element-5ba8d04 elementor-widget elementor-widget-spacer\" data-id=\"5ba8d04\" data-element_type=\"widget\" data-e-type=\"widget\" data-widget_type=\"spacer.default\">\n\t\t\t\t<div class=\"elementor-widget-container\">\n\t\t\t\t\t\t\t<div class=\"elementor-spacer\">\n\t\t\t<div class=\"elementor-spacer-inner\"><\/div>\n\t\t<\/div>\n\t\t\t\t\t\t<\/div>\n\t\t\t\t<\/div>\n\t\t\t\t<div class=\"elementor-element elementor-element-6eabcf3 elementor-widget elementor-widget-text-editor\" data-id=\"6eabcf3\" data-element_type=\"widget\" data-e-type=\"widget\" data-widget_type=\"text-editor.default\">\n\t\t\t\t<div class=\"elementor-widget-container\">\n\t\t\t\t\t\t\t\t\t<p>Inpltaforms ltd e Inprimepay si avvalgono di servizi di terze parti per l&#8217;erogazione dei propri servizi, come dettagliatamente citato nei termini di servizio.<\/p><p>Nello specifio Inprimepay utilizza la tecnologia di Stripe tramite Stripe connect per l&#8217;implementazione dei sistemi di pagamento alla piattaforma, ai link di pagamento e al checkoout.<\/p><p>Inprimepay non ha alcun accordo o incarico con Stripe, Klarna, Sepa o qualsiasi altro circuito di pagamento che sono entit\u00e0 terze.\u00a0\u00a0<\/p><p>L&#8217;aperuta o l&#8217;utilizzo di un account Stripe che \u00e8 gratuito, \u00e8\u00a0 un requisito obbligatorio per la fruizione dei servizi di Inprimpay. In qualit\u00e0 di ente finanziario \u00e8 in conformit\u00e0 alla propria <a href=\"https:\/\/stripe.com\/it\/legal\/ssa\">Stripe SSA<\/a> , Stripe pu\u00f2 limitare, sospendere temporaneamente o definivamente i serivzi qualora venga rilevato un utilizzo non conforme alle norme vigenti. I pagamenti, i trasferimenti e tutti gli aspetti di flussi di denaro sono in gestione completa di Stripe e dei vari circuiti di pagamento e Inprimepay non ha alcun accesso a decisioni in merito. Il cliente accetta con la sottoscrizione dei servizi di fornire un account Stripe attivo e funzionante.<\/p><p>Resta inteso che Inplatforms e Inprimepay non sono responsabili di decisioni e\u00a0 interventi relativi all&#8217;account Stripe e ai vari circuiti di pagamento.<\/p><p><span>Se utilizzi Inprimepay servizi di terze parti, alcuni dei tuoi dati e quelli dei tuoi clienti potrebbero essere inviati o trasmessi direttamente alla rispettiva terza parte e i termini di servizio, l&#8217;informativa sulla privacy e altre politiche della rispettiva terza parte potrebbero fare domanda a.\u00a0Ad esempio, Inpirimepay <\/span><span>richiede un account Stripe per gestire i pagamenti e, quando utilizzi Stripe, accetti i\u00a0<\/span><a href=\"https:\/\/stripe.com\/legal\"><span>relativi termini e politiche<\/span><\/a><span>\u00a0.\u00a0<\/span><\/p><p><span>Non siamo coinvolti in queste relazioni, ma possiamo facilitare le transazioni o la comunicazione.\u00a0Ad esempio, potremmo, per tuo conto, ricevere avvisi o moduli relativi al tuo account Stripe.<\/span><\/p><p><span>Alcuni di questi servizi di terze parti potrebbero essere abilitati per impostazione predefinita, ma puoi disabilitarli prima di avviare il tuo servuzio se non desideri utilizzarli.<\/span><\/p>\t\t\t\t\t\t\t\t<\/div>\n\t\t\t\t<\/div>\n\t\t\t\t\t<\/div>\n\t\t<\/div>\n\t\t\t\t\t<\/div>\n\t\t<\/section>\n\t\t\t\t<\/div>","protected":false},"excerpt":{"rendered":"<p>Servizi di terze parti Inpltaforms ltd e Inprimepay si avvalgono di servizi di terze parti per l&#8217;erogazione dei propri servizi, come dettagliatamente citato nei termini di servizio. Nello specifio Inprimepay utilizza la tecnologia di Stripe tramite Stripe connect per l&#8217;implementazione dei sistemi di pagamento alla piattaforma, ai link di pagamento e al checkoout. Inprimepay non [&hellip;]<\/p>\n","protected":false},"author":1,"featured_media":0,"parent":0,"menu_order":0,"comment_status":"closed","ping_status":"closed","template":"","meta":{"inline_featured_image":false,"footnotes":""},"class_list":["post-19599","page","type-page","status-publish","hentry"],"ams_acf":[],"yoast_head":"<!-- This site is optimized with the Yoast SEO Premium plugin v23.8 (Yoast SEO v27.6) - https:\/\/yoast.com\/product\/yoast-seo-premium-wordpress\/ -->\n<title>Servizi di terze parti - Inprime Pay<\/title>\n<meta name=\"robots\" content=\"index, follow, max-snippet:-1, max-image-preview:large, max-video-preview:-1\" \/>\n<link rel=\"canonical\" href=\"https:\/\/inprimepay.com\/at\/terze-parti\/\" \/>\n<meta property=\"og:locale\" content=\"de_DE\" \/>\n<meta property=\"og:type\" content=\"article\" \/>\n<meta property=\"og:title\" content=\"Servizi di terze parti\" \/>\n<meta property=\"og:description\" content=\"Servizi di terze parti Inpltaforms ltd e Inprimepay si avvalgono di servizi di terze parti per l&#8217;erogazione dei propri servizi, come dettagliatamente citato nei termini di servizio. Nello specifio Inprimepay utilizza la tecnologia di Stripe tramite Stripe connect per l&#8217;implementazione dei sistemi di pagamento alla piattaforma, ai link di pagamento e al checkoout. Inprimepay non [&hellip;]\" \/>\n<meta property=\"og:url\" content=\"https:\/\/inprimepay.com\/at\/terze-parti\/\" \/>\n<meta property=\"og:site_name\" content=\"Inprime Pay\" \/>\n<meta property=\"article:publisher\" content=\"https:\/\/www.facebook.com\/inprimepay\" \/>\n<meta property=\"article:modified_time\" content=\"2023-11-10T15:53:49+00:00\" \/>\n<meta property=\"og:image\" content=\"https:\/\/inprimepay.com\/wp-content\/uploads\/2024\/07\/Progetto-senza-titolo-2024-07-09T085915.430.png\" \/>\n\t<meta property=\"og:image:width\" content=\"500\" \/>\n\t<meta property=\"og:image:height\" content=\"500\" \/>\n\t<meta property=\"og:image:type\" content=\"image\/png\" \/>\n<meta name=\"twitter:card\" content=\"summary_large_image\" \/>\n<meta name=\"twitter:label1\" content=\"Est. reading time\" \/>\n\t<meta name=\"twitter:data1\" content=\"2 Minuten\" \/>\n<script type=\"application\/ld+json\" class=\"yoast-schema-graph\">{\"@context\":\"https:\\\/\\\/schema.org\",\"@graph\":[{\"@type\":\"WebPage\",\"@id\":\"https:\\\/\\\/inprimepay.com\\\/at\\\/terze-parti\\\/\",\"url\":\"https:\\\/\\\/inprimepay.com\\\/at\\\/terze-parti\\\/\",\"name\":\"Servizi di terze parti - Inprime Pay\",\"isPartOf\":{\"@id\":\"https:\\\/\\\/inprimepay.com\\\/at\\\/#website\"},\"datePublished\":\"2023-11-09T16:40:38+00:00\",\"dateModified\":\"2023-11-10T15:53:49+00:00\",\"breadcrumb\":{\"@id\":\"https:\\\/\\\/inprimepay.com\\\/at\\\/terze-parti\\\/#breadcrumb\"},\"inLanguage\":\"de-AT\",\"potentialAction\":[{\"@type\":\"ReadAction\",\"target\":[\"https:\\\/\\\/inprimepay.com\\\/at\\\/terze-parti\\\/\"]}]},{\"@type\":\"BreadcrumbList\",\"@id\":\"https:\\\/\\\/inprimepay.com\\\/at\\\/terze-parti\\\/#breadcrumb\",\"itemListElement\":[{\"@type\":\"ListItem\",\"position\":1,\"name\":\"Home\",\"item\":\"https:\\\/\\\/inprimepay.com\\\/\"},{\"@type\":\"ListItem\",\"position\":2,\"name\":\"Servizi di terze parti\"}]},{\"@type\":\"WebSite\",\"@id\":\"https:\\\/\\\/inprimepay.com\\\/at\\\/#website\",\"url\":\"https:\\\/\\\/inprimepay.com\\\/at\\\/\",\"name\":\"Inprime Pay\",\"description\":\"ora, dopo, a rate!\",\"publisher\":{\"@id\":\"https:\\\/\\\/inprimepay.com\\\/at\\\/#organization\"},\"alternateName\":\"inprimepay\",\"potentialAction\":[{\"@type\":\"SearchAction\",\"target\":{\"@type\":\"EntryPoint\",\"urlTemplate\":\"https:\\\/\\\/inprimepay.com\\\/at\\\/?s={search_term_string}\"},\"query-input\":{\"@type\":\"PropertyValueSpecification\",\"valueRequired\":true,\"valueName\":\"search_term_string\"}}],\"inLanguage\":\"de-AT\"},{\"@type\":\"Organization\",\"@id\":\"https:\\\/\\\/inprimepay.com\\\/at\\\/#organization\",\"name\":\"Inprimepay\",\"alternateName\":\"inprime\",\"url\":\"https:\\\/\\\/inprimepay.com\\\/at\\\/\",\"logo\":{\"@type\":\"ImageObject\",\"inLanguage\":\"de-AT\",\"@id\":\"https:\\\/\\\/inprimepay.com\\\/at\\\/#\\\/schema\\\/logo\\\/image\\\/\",\"url\":\"https:\\\/\\\/inprimepay.com\\\/wp-content\\\/uploads\\\/2023\\\/06\\\/cropped-Nuovo-progetto-3.jpg\",\"contentUrl\":\"https:\\\/\\\/inprimepay.com\\\/wp-content\\\/uploads\\\/2023\\\/06\\\/cropped-Nuovo-progetto-3.jpg\",\"width\":512,\"height\":512,\"caption\":\"Inprimepay\"},\"image\":{\"@id\":\"https:\\\/\\\/inprimepay.com\\\/at\\\/#\\\/schema\\\/logo\\\/image\\\/\"},\"sameAs\":[\"https:\\\/\\\/www.facebook.com\\\/inprimepay\"],\"description\":\"Con Inprimepay offri pagamenti a rate in negozio senza pensieri. Soluzioni rapide e attivazione immediata per negozi e professionisti!\",\"email\":\"info@inprimepay.com\",\"telephone\":\"03651781522\"}]}<\/script>\n<!-- \/ Yoast SEO Premium plugin. -->","yoast_head_json":{"title":"Servizi di terze parti - Inprime Pay","robots":{"index":"index","follow":"follow","max-snippet":"max-snippet:-1","max-image-preview":"max-image-preview:large","max-video-preview":"max-video-preview:-1"},"canonical":"https:\/\/inprimepay.com\/at\/terze-parti\/","og_locale":"de_DE","og_type":"article","og_title":"Servizi di terze parti","og_description":"Servizi di terze parti Inpltaforms ltd e Inprimepay si avvalgono di servizi di terze parti per l&#8217;erogazione dei propri servizi, come dettagliatamente citato nei termini di servizio. Nello specifio Inprimepay utilizza la tecnologia di Stripe tramite Stripe connect per l&#8217;implementazione dei sistemi di pagamento alla piattaforma, ai link di pagamento e al checkoout. Inprimepay non [&hellip;]","og_url":"https:\/\/inprimepay.com\/at\/terze-parti\/","og_site_name":"Inprime Pay","article_publisher":"https:\/\/www.facebook.com\/inprimepay","article_modified_time":"2023-11-10T15:53:49+00:00","og_image":[{"width":500,"height":500,"url":"https:\/\/inprimepay.com\/wp-content\/uploads\/2024\/07\/Progetto-senza-titolo-2024-07-09T085915.430.png","type":"image\/png"}],"twitter_card":"summary_large_image","twitter_misc":{"Est. reading time":"2 Minuten"},"schema":{"@context":"https:\/\/schema.org","@graph":[{"@type":"WebPage","@id":"https:\/\/inprimepay.com\/at\/terze-parti\/","url":"https:\/\/inprimepay.com\/at\/terze-parti\/","name":"Servizi di terze parti - Inprime Pay","isPartOf":{"@id":"https:\/\/inprimepay.com\/at\/#website"},"datePublished":"2023-11-09T16:40:38+00:00","dateModified":"2023-11-10T15:53:49+00:00","breadcrumb":{"@id":"https:\/\/inprimepay.com\/at\/terze-parti\/#breadcrumb"},"inLanguage":"de-AT","potentialAction":[{"@type":"ReadAction","target":["https:\/\/inprimepay.com\/at\/terze-parti\/"]}]},{"@type":"BreadcrumbList","@id":"https:\/\/inprimepay.com\/at\/terze-parti\/#breadcrumb","itemListElement":[{"@type":"ListItem","position":1,"name":"Home","item":"https:\/\/inprimepay.com\/"},{"@type":"ListItem","position":2,"name":"Servizi di terze parti"}]},{"@type":"WebSite","@id":"https:\/\/inprimepay.com\/at\/#website","url":"https:\/\/inprimepay.com\/at\/","name":"Inprime Pay","description":"ora, dopo, a rate!","publisher":{"@id":"https:\/\/inprimepay.com\/at\/#organization"},"alternateName":"inprimepay","potentialAction":[{"@type":"SearchAction","target":{"@type":"EntryPoint","urlTemplate":"https:\/\/inprimepay.com\/at\/?s={search_term_string}"},"query-input":{"@type":"PropertyValueSpecification","valueRequired":true,"valueName":"search_term_string"}}],"inLanguage":"de-AT"},{"@type":"Organization","@id":"https:\/\/inprimepay.com\/at\/#organization","name":"Inprimepay","alternateName":"inprime","url":"https:\/\/inprimepay.com\/at\/","logo":{"@type":"ImageObject","inLanguage":"de-AT","@id":"https:\/\/inprimepay.com\/at\/#\/schema\/logo\/image\/","url":"https:\/\/inprimepay.com\/wp-content\/uploads\/2023\/06\/cropped-Nuovo-progetto-3.jpg","contentUrl":"https:\/\/inprimepay.com\/wp-content\/uploads\/2023\/06\/cropped-Nuovo-progetto-3.jpg","width":512,"height":512,"caption":"Inprimepay"},"image":{"@id":"https:\/\/inprimepay.com\/at\/#\/schema\/logo\/image\/"},"sameAs":["https:\/\/www.facebook.com\/inprimepay"],"description":"Con Inprimepay offri pagamenti a rate in negozio senza pensieri. Soluzioni rapide e attivazione immediata per negozi e professionisti!","email":"info@inprimepay.com","telephone":"03651781522"}]}},"_links":{"self":[{"href":"https:\/\/inprimepay.com\/at\/wp-json\/wp\/v2\/pages\/19599","targetHints":{"allow":["GET"]}}],"collection":[{"href":"https:\/\/inprimepay.com\/at\/wp-json\/wp\/v2\/pages"}],"about":[{"href":"https:\/\/inprimepay.com\/at\/wp-json\/wp\/v2\/types\/page"}],"author":[{"embeddable":true,"href":"https:\/\/inprimepay.com\/at\/wp-json\/wp\/v2\/users\/1"}],"replies":[{"embeddable":true,"href":"https:\/\/inprimepay.com\/at\/wp-json\/wp\/v2\/comments?post=19599"}],"version-history":[{"count":0,"href":"https:\/\/inprimepay.com\/at\/wp-json\/wp\/v2\/pages\/19599\/revisions"}],"wp:attachment":[{"href":"https:\/\/inprimepay.com\/at\/wp-json\/wp\/v2\/media?parent=19599"}],"curies":[{"name":"wp","href":"https:\/\/api.w.org\/{rel}","templated":true}]}}